{"id":17,"date":"2025-09-22T14:35:53","date_gmt":"2025-09-22T12:35:53","guid":{"rendered":"https:\/\/sawasdee-thaimassage.at\/?page_id=17"},"modified":"2025-09-23T15:12:01","modified_gmt":"2025-09-23T13:12:01","slug":"impressum","status":"publish","type":"page","link":"https:\/\/sawasdee-thaimassage.at\/en\/impressum\/","title":{"rendered":"Imprint"},"content":{"rendered":"<div data-elementor-type=\"wp-page\" data-elementor-id=\"17\" class=\"elementor elementor-17\">\n\t\t\t\t\t\t<section class=\"elementor-section elementor-top-section elementor-element elementor-element-2cb41b25 elementor-section-height-min-height elementor-section-boxed elementor-section-height-default elementor-section-items-middle\" data-id=\"2cb41b25\" data-element_type=\"section\" data-settings=\"{&quot;background_background&quot;:&quot;classic&quot;}\">\n\t\t\t\t\t\t<div class=\"elementor-container elementor-column-gap-default\">\n\t\t\t\t\t<div class=\"elementor-column elementor-col-100 elementor-top-column elementor-element elementor-element-56aad58\" data-id=\"56aad58\" data-element_type=\"column\">\n\t\t\t<div class=\"elementor-widget-wrap\">\n\t\t\t\t\t\t\t<\/div>\n\t\t<\/div>\n\t\t\t\t\t<\/div>\n\t\t<\/section>\n\t\t\t\t<section class=\"elementor-section elementor-top-section elementor-element elementor-element-a76c534 elementor-section-boxed elementor-section-height-default elementor-section-height-default\" data-id=\"a76c534\" data-element_type=\"section\">\n\t\t\t\t\t\t<div class=\"elementor-container elementor-column-gap-default\">\n\t\t\t\t\t<div class=\"elementor-column elementor-col-100 elementor-top-column elementor-element elementor-element-71d3711\" data-id=\"71d3711\" data-element_type=\"column\">\n\t\t\t<div class=\"elementor-widget-wrap elementor-element-populated\">\n\t\t\t\t\t\t<div class=\"elementor-element elementor-element-9bd7c9e elementor-widget elementor-widget-spacer\" data-id=\"9bd7c9e\" data-element_type=\"widget\" data-widget_type=\"spacer.default\">\n\t\t\t\t\t\t\t<div class=\"elementor-spacer\">\n\t\t\t<div class=\"elementor-spacer-inner\"><\/div>\n\t\t<\/div>\n\t\t\t\t\t\t<\/div>\n\t\t\t\t<div class=\"elementor-element elementor-element-665cc57 elementor-widget elementor-widget-heading\" data-id=\"665cc57\" data-element_type=\"widget\" data-widget_type=\"heading.default\">\n\t\t\t\t\t<h2 class=\"elementor-heading-title elementor-size-default\">Imprint<\/h2>\t\t\t\t<\/div>\n\t\t\t\t<div class=\"elementor-element elementor-element-74f0d38 elementor-widget elementor-widget-text-editor\" data-id=\"74f0d38\" data-element_type=\"widget\" data-widget_type=\"text-editor.default\">\n\t\t\t\t\t\t\t\t\t<p><strong>Our visiting address:<\/strong><br \/>Sawasdee Thaimassage<br \/>W\u00e4hringerstrasse 22<br \/>Eingang Thurngasse 2<br \/>1090 Wien<\/p><p><strong>Owner:<\/strong>\u00a0Sawasdee<\/p><p><strong>Our contact details:<\/strong><br \/>Tel.:\u00a0<a href=\"tel:\u202a+436645936600\u202c\">\u202a+43 (0) 664 5936600\u202c<\/a><br \/>E-Mail:\u00a0<a href=\"mailto:info.sawasdeethai@gmail.com\">info.sawasdeethai@gmail.com<\/a><\/p><p><strong>Our website:<\/strong>\u00a0<a href=\"https:\/\/sawasdee-thaimassage.at\/en\/\">https:\/\/sawasdee-thaimassage.at<\/a><\/p>\t\t\t\t\t\t\t\t<\/div>\n\t\t\t\t<div class=\"elementor-element elementor-element-5e9839c elementor-widget-divider--view-line elementor-widget elementor-widget-divider\" data-id=\"5e9839c\" data-element_type=\"widget\" data-widget_type=\"divider.default\">\n\t\t\t\t\t\t\t<div class=\"elementor-divider\">\n\t\t\t<span class=\"elementor-divider-separator\">\n\t\t\t\t\t\t<\/span>\n\t\t<\/div>\n\t\t\t\t\t\t<\/div>\n\t\t\t\t<div class=\"elementor-element elementor-element-fdeb5f0 elementor-widget elementor-widget-text-editor\" data-id=\"fdeb5f0\" data-element_type=\"widget\" data-widget_type=\"text-editor.default\">\n\t\t\t\t\t\t\t\t\t<p><strong>Images:<\/strong><br \/>Freep!k Premium<\/p><p><strong>EU Commission Online Dispute Resolution Website<\/strong><br \/>To enable consumers and businesses to resolve disputes out of court, the European Commission has developed the Online Dispute Resolution website:\u00a0<a href=\"https:\/\/ec.europa.eu\/consumers\/odr\/main\/index.cfm?event=main.home.chooseLanguage\">www.ec.europa.eu\/consumers\/odr<\/a><\/p><p><strong>Disclaimer<\/strong><br \/>The contents of these pages were created with the greatest possible care. However, we cannot guarantee the accuracy, completeness, or timeliness of the information.<\/p><p>Our website contains links to external websites. As the content of these external sites is beyond our control, we cannot accept any liability for them. The respective provider or operator of the linked pages is always responsible for their content.<\/p><p><strong>Privacy<\/strong><br \/>When visiting the website of Sawasdee Thaimassage, no personal data is generally stored. Such data may, however, be provided voluntarily. Without your consent, no data will be passed on to third parties. Please note that the security of data transmission on the Internet (e.g., by e-mail) cannot be guaranteed. Such data could potentially be accessed by third parties.<\/p><p><strong>Google Analytics<\/strong><br \/>This website uses Google Analytics, a web analysis service provided by Google Inc. (\u201cGoogle\u201d). Google Analytics uses cookies, which are text files stored on your computer to help the website analyze how users interact with the site. The information generated by the cookies about your use of this website (including your IP address) will be transmitted to and stored by Google on servers in the United States. If IP anonymization is activated, Google will shorten\/anonymize the last octet of the IP address for Member States of the European Union as well as for other parties to the Agreement on the European Economic Area. Only in exceptional cases will the full IP address be transmitted to a Google server in the USA and shortened there.\n\nOn behalf of the website provider, Google will use this information to evaluate your use of the website, compile reports on website activity for website operators, and provide other services relating to website activity and Internet usage. Google will not associate your IP address with any other data held by Google. By using this website, you consent to the processing of data about you by Google in the manner and for the purposes set out above.<\/p><p><strong>How to prevent tracking by Google Analytics<\/strong><br \/>You can refuse the use of cookies by selecting the appropriate settings on your browser. However, please note that if you do this, you may not be able to use the full functionality of this website.<br \/>Furthermore, you can prevent the collection and use of data (cookies and IP address) by Google by downloading and installing the browser plug-in available at\u00a0<a href=\"https:\/\/tools.google.com\/dlpage\/gaoptout?hl=de\">https:\/\/tools.google.com\/dlpage\/gaoptout?hl=de<\/a>\u00a0.<\/p>[Source:\u00a0<a href=\"https:\/\/language-boutique.com\/lost-in-translation-full-reader\/impressum-or-imprint.html#template\">Language-Boutique.com\/Sample-Impressum<\/a>]\t\t\t\t\t\t\t\t<\/div>\n\t\t\t\t<div class=\"elementor-element elementor-element-9c5a546 elementor-widget elementor-widget-spacer\" data-id=\"9c5a546\" data-element_type=\"widget\" data-widget_type=\"spacer.default\">\n\t\t\t\t\t\t\t<div class=\"elementor-spacer\">\n\t\t\t<div class=\"elementor-spacer-inner\"><\/div>\n\t\t<\/div>\n\t\t\t\t\t\t<\/div>\n\t\t\t\t\t<\/div>\n\t\t<\/div>\n\t\t\t\t\t<\/div>\n\t\t<\/section>\n\t\t\t\t<section class=\"elementor-section elementor-top-section elementor-element elementor-element-4ed4925 elementor-section-height-min-height elementor-section-boxed elementor-section-height-default elementor-section-items-middle\" data-id=\"4ed4925\" data-element_type=\"section\" data-settings=\"{&quot;background_background&quot;:&quot;classic&quot;}\">\n\t\t\t\t\t\t<div class=\"elementor-container elementor-column-gap-default\">\n\t\t\t\t\t<div class=\"elementor-column elementor-col-100 elementor-top-column elementor-element elementor-element-7b9228d5\" data-id=\"7b9228d5\" data-element_type=\"column\">\n\t\t\t<div class=\"elementor-widget-wrap\">\n\t\t\t\t\t\t\t<\/div>\n\t\t<\/div>\n\t\t\t\t\t<\/div>\n\t\t<\/section>\n\t\t\t\t<\/div>","protected":false},"excerpt":{"rendered":"<p>Impressum Unsere Besuchsadresse:Sawasdee ThaimassageW\u00e4hringerstrasse 22Eingang Thurngasse 21090 Wien Inhaber:\u00a0Sawasdee Unsere Kontaktdaten:Tel.:\u00a0\u202a+43 (0) 664 5936600\u202cE-Mail:\u00a0info.sawasdeethai@gmail.com Unsere Web-Adresse lautet:\u00a0https:\/\/sawasdee-thaimassage.at Bildmaterial:Freep!k Premium Online-Streitbeilegung-Website der EU-KommissionUm Verbrauchern und Unternehmern eine au\u00dfergerichtliche Beilegung von Streitigkeiten zu erm\u00f6glichen, hat die Europ\u00e4ische Kommission die Website zur Online-Streitbeilegung &hellip; <a class=\"kt-excerpt-readmore more-link\" href=\"https:\/\/sawasdee-thaimassage.at\/en\/impressum\/\">Read more<\/a><\/p>","protected":false},"author":1,"featured_media":0,"parent":0,"menu_order":0,"comment_status":"closed","ping_status":"closed","template":"","meta":{"footnotes":""},"class_list":["post-17","page","type-page","status-publish","hentry"],"_links":{"self":[{"href":"https:\/\/sawasdee-thaimassage.at\/en\/wp-json\/wp\/v2\/pages\/17","targetHints":{"allow":["GET"]}}],"collection":[{"href":"https:\/\/sawasdee-thaimassage.at\/en\/wp-json\/wp\/v2\/pages"}],"about":[{"href":"https:\/\/sawasdee-thaimassage.at\/en\/wp-json\/wp\/v2\/types\/page"}],"author":[{"embeddable":true,"href":"https:\/\/sawasdee-thaimassage.at\/en\/wp-json\/wp\/v2\/users\/1"}],"replies":[{"embeddable":true,"href":"https:\/\/sawasdee-thaimassage.at\/en\/wp-json\/wp\/v2\/comments?post=17"}],"version-history":[{"count":10,"href":"https:\/\/sawasdee-thaimassage.at\/en\/wp-json\/wp\/v2\/pages\/17\/revisions"}],"predecessor-version":[{"id":145,"href":"https:\/\/sawasdee-thaimassage.at\/en\/wp-json\/wp\/v2\/pages\/17\/revisions\/145"}],"wp:attachment":[{"href":"https:\/\/sawasdee-thaimassage.at\/en\/wp-json\/wp\/v2\/media?parent=17"}],"curies":[{"name":"wp","href":"https:\/\/api.w.org\/{rel}","templated":true}]}}